{"id":452,"date":"2020-06-10T17:26:26","date_gmt":"2020-06-10T15:26:26","guid":{"rendered":"https:\/\/www.sanmaurizioluxurysuite.com\/?page_id=452"},"modified":"2020-06-10T17:26:26","modified_gmt":"2020-06-10T15:26:26","slug":"k%d0%be%d0%bd%d1%82%d0%b0%d0%ba%d1%82%d1%8b","status":"publish","type":"page","link":"https:\/\/www.sanmaurizioluxurysuite.com\/ru\/k%d0%be%d0%bd%d1%82%d0%b0%d0%ba%d1%82%d1%8b\/","title":{"rendered":"K\u043e\u043d\u0442\u0430\u043a\u0442\u044b"},"content":{"rendered":"<div class=\"wpb-content-wrapper\"><p>[vc_row][vc_column][rev_slider_vc alias=&#187;contatti&#187;][vc_raw_html]JTNDZGl2JTIwY2xhc3MlM0QlMjJhcnJvdy13cmFwcGVyJTIyJTNFJTNDZGl2JTIwY2xhc3MlM0QlMjJhcnJvdyUyMiUzRSUzQyUyRmRpdiUzRSUzQyUyRmRpdiUzRQ==[\/vc_raw_html][\/vc_column][\/vc_row][vc_row full_width=&#187;stretch_row_content_no_spaces&#187; content_placement=&#187;middle&#187; parallax=&#187;content-moving&#187; parallax_image=&#187;125&#8243; parallax_speed_bg=&#187;2&#8243; css=&#187;.vc_custom_1552295313107{padding-top: 20px !important;padding-bottom: 20px !important;}&#187;][vc_column][vc_column_text]<\/p>\n<h1 style=\"text-align: center;\">K\u043e\u043d\u0442\u0430\u043a\u0442\u044b<\/h1>\n<p>[\/vc_column_text]<style type=\"text\/css\" data-type=\"the7_shortcodes-inline-css\">.dt-breadcrumbs-id-52a6b48dfab3fe419f87034b265cf0b8 .breadcrumbs {\n  display: inline-block;\n  margin: 0;\n  padding: 2px 10px 2px 10px;\n  border: 0px solid ;\n  border-radius: 0px;\n}\n.dt-breadcrumbs-id-52a6b48dfab3fe419f87034b265cf0b8 .breadcrumbs * {\n  font-size: 14px;\n  line-height: 20px;\n  font-style: italic;\n  color: #000000;\n}\n<\/style><div class=\"dt-breadcrumbs-shortcode dt-breadcrumbs-id-52a6b48dfab3fe419f87034b265cf0b8 align-centre\"><div class=\"assistive-text\">You are here:<\/div><ol class=\"breadcrumbs text-small\" itemscope itemtype=\"https:\/\/schema.org\/BreadcrumbList\"><li itemprop=\"itemListElement\" itemscope itemtype=\"https:\/\/schema.org\/ListItem\"><a itemprop=\"item\" href=\"https:\/\/www.sanmaurizioluxurysuite.com\/ru\/\" title=\"Home\"><span itemprop=\"name\">Home<\/span><\/a><meta itemprop=\"position\" content=\"1\" \/><\/li><li class=\"current\" itemprop=\"itemListElement\" itemscope itemtype=\"https:\/\/schema.org\/ListItem\"><span itemprop=\"name\">\u0421\u0442\u0440\u0430\u043d\u0438\u0446\u0430<\/span><meta itemprop=\"position\" content=\"2\" \/><\/li><\/ol><\/div>[\/vc_column][\/vc_row][vc_row css=&#187;.vc_custom_1547658429374{padding-bottom: 40px !important;}&#187;][vc_column][vc_column_text]<\/p>\n<p style=\"text-align: center;\"><strong>\u0418\u0441\u043f\u043e\u043b\u044c\u0437\u0443\u0439\u0442\u0435 \u0441\u043b\u0435\u0434\u0443\u044e\u0449\u0443\u044e \u0444\u043e\u0440\u043c\u0443, \u0447\u0442\u043e\u0431\u044b \u0441\u0432\u044f\u0437\u0430\u0442\u044c\u0441\u044f \u0441 \u043d\u0430\u043c\u0438 \u0438\u043b\u0438 \u0437\u0430\u043f\u0440\u043e\u0441\u0438\u0442\u044c \u0434\u043e\u043f\u043e\u043b\u043d\u0438\u0442\u0435\u043b\u044c\u043d\u0443\u044e \u0438\u043d\u0444\u043e\u0440\u043c\u0430\u0446\u0438\u044e.<\/strong><\/p>\n<p>[\/vc_column_text][\/vc_column][\/vc_row][vc_row css=&#187;.vc_custom_1547658429374{padding-bottom: 40px !important;}&#187;][vc_column width=&#187;1\/6&#8243;][vc_empty_space height=&#187;5px&#187;][\/vc_column][vc_column width=&#187;2\/3&#8243;]\n<div class=\"wpcf7 no-js\" id=\"wpcf7-f5-o1\" lang=\"it-IT\" dir=\"ltr\" data-wpcf7-id=\"5\">\n<div class=\"screen-reader-response\"><p role=\"status\" aria-live=\"polite\" aria-atomic=\"true\"><\/p> <ul><\/ul><\/div>\n<form action=\"\/ru\/wp-json\/wp\/v2\/pages\/452#wpcf7-f5-o1\" method=\"post\" class=\"wpcf7-form init\" aria-label=\"Modulo di contatto\" novalidate=\"novalidate\" data-status=\"init\">\n<fieldset class=\"hidden-fields-container\"><input type=\"hidden\" name=\"_wpcf7\" value=\"5\" \/><input type=\"hidden\" name=\"_wpcf7_version\" value=\"6.1.3\" \/><input type=\"hidden\" name=\"_wpcf7_locale\" value=\"it_IT\" \/><input type=\"hidden\" name=\"_wpcf7_unit_tag\" value=\"wpcf7-f5-o1\" \/><input type=\"hidden\" name=\"_wpcf7_container_post\" value=\"0\" \/><input type=\"hidden\" name=\"_wpcf7_posted_data_hash\" value=\"\" \/>\n<\/fieldset>\n<p><label> Il tuo nome (richiesto)<br \/>\n<span class=\"wpcf7-form-control-wrap\" data-name=\"your-name\"><input size=\"40\" maxlength=\"400\" class=\"wpcf7-form-control wpcf7-text wpcf7-validates-as-required\" aria-required=\"true\" aria-invalid=\"false\" value=\"\" type=\"text\" name=\"your-name\" \/><\/span> <\/label>\n<\/p>\n<p><label> La tua email (richiesto)<br \/>\n<span class=\"wpcf7-form-control-wrap\" data-name=\"your-email\"><input size=\"40\" maxlength=\"400\" class=\"wpcf7-form-control wpcf7-email wpcf7-validates-as-required wpcf7-text wpcf7-validates-as-email\" aria-required=\"true\" aria-invalid=\"false\" value=\"\" type=\"email\" name=\"your-email\" \/><\/span> <\/label>\n<\/p>\n<p><label> Oggetto<br \/>\n<span class=\"wpcf7-form-control-wrap\" data-name=\"your-subject\"><input size=\"40\" maxlength=\"400\" class=\"wpcf7-form-control wpcf7-text\" aria-invalid=\"false\" value=\"\" type=\"text\" name=\"your-subject\" \/><\/span> <\/label>\n<\/p>\n<p><label> Il tuo messaggio<br \/>\n<span class=\"wpcf7-form-control-wrap\" data-name=\"your-message\"><textarea cols=\"40\" rows=\"10\" maxlength=\"2000\" class=\"wpcf7-form-control wpcf7-textarea\" aria-invalid=\"false\" name=\"your-message\"><\/textarea><\/span> <\/label>\n<\/p>\n<p>La informiamo che i dati da lei conferiti saranno trattati con mezzi informatici nel rispetto dei principi stabiliti dalla normativa vigente in materia di protezione di dati (Regolamento UE n. 679 del 2016) al solo fine di fornirle le informazioni richieste, ed eventualmente per definire\/confermare la prenotazione di camere e altri servizi. L\u2019informativa completa sulle modalit\u00e0 e finalit\u00e0 dei trattamenti effettuati \u00e8 accessibile attraverso il seguente link: <a href=\"https:\/\/secure.bookingevolution.com\/privacy\/?l=it\" target=\"_blank\">Privacy Policy<\/a>.<br \/>\nSe \u00e8 interessato a ricevere in futuro, all\u2019indirizzo da lei indicato, la nostra newsletter\/periodiche informative sulle nostre tariffe e offerte speciali, dovr\u00e0 fornirci apposito consenso. Potr\u00e0 comunque successivamente, in ogni momento, revocare tale consenso, come indicato nella informativa.\n<\/p>\n<p><span class=\"wpcf7-form-control-wrap\" data-name=\"acceptance-682\"><span class=\"wpcf7-form-control wpcf7-acceptance\"><span class=\"wpcf7-list-item\"><label><input type=\"checkbox\" name=\"acceptance-682\" value=\"1\" aria-invalid=\"false\" \/><span class=\"wpcf7-list-item-label\">prendo atto dell\u2019informativa sul trattamento dei dati personali <strong>(Obbligatorio)<\/strong><\/span><\/label><\/span><\/span><\/span><br \/>\n<span class=\"wpcf7-form-control-wrap\" data-name=\"checkbox-863\"><span class=\"wpcf7-form-control wpcf7-checkbox\"><span class=\"wpcf7-list-item first last\"><label><input type=\"checkbox\" name=\"checkbox-863[]\" value=\"autorizzo l\u2019invio della newsletter e di periodica documentazione sulle tariffe e sulle offerte praticate presso l\u2019indirizzo da me indicato\" \/><span class=\"wpcf7-list-item-label\">autorizzo l\u2019invio della newsletter e di periodica documentazione sulle tariffe e sulle offerte praticate presso l\u2019indirizzo da me indicato<\/span><\/label><\/span><\/span><\/span>\n<\/p>\n<p><input class=\"wpcf7-form-control wpcf7-submit has-spinner\" type=\"submit\" value=\"Invia\" \/>\n<\/p><div class=\"wpcf7-response-output\" aria-hidden=\"true\"><\/div>\n<\/form>\n<\/div>\n[\/vc_column][vc_column width=&#187;1\/6&#8243;][vc_empty_space height=&#187;5px&#187;][\/vc_column][\/vc_row]<\/p>\n<\/div>","protected":false},"excerpt":{"rendered":"<p>[vc_row][vc_column][rev_slider_vc alias=&#187;contatti&#187;][vc_raw_html]JTNDZGl2JTIwY2xhc3MlM0QlMjJhcnJvdy13cmFwcGVyJTIyJTNFJTNDZGl2JTIwY2xhc3MlM0QlMjJhcnJvdyUyMiUzRSUzQyUyRmRpdiUzRSUzQyUyRmRpdiUzRQ==[\/vc_raw_html][\/vc_column][\/vc_row][vc_row full_width=&#187;stretch_row_content_no_spaces&#187; content_placement=&#187;middle&#187; parallax=&#187;content-moving&#187; parallax_image=&#187;125&#8243; parallax_speed_bg=&#187;2&#8243; css=&#187;.vc_custom_1552295313107{padding-top: 20px !important;padding-bottom: 20px !important;}&#187;][vc_column][vc_column_text] K\u043e\u043d\u0442\u0430\u043a\u0442\u044b [\/vc_column_text][\/vc_column][\/vc_row][vc_row css=&#187;.vc_custom_1547658429374{padding-bottom: 40px !important;}&#187;][vc_column][vc_column_text] \u0418\u0441\u043f\u043e\u043b\u044c\u0437\u0443\u0439\u0442\u0435 \u0441\u043b\u0435\u0434\u0443\u044e\u0449\u0443\u044e \u0444\u043e\u0440\u043c\u0443, \u0447\u0442\u043e\u0431\u044b \u0441\u0432\u044f\u0437\u0430\u0442\u044c\u0441\u044f \u0441 \u043d\u0430\u043c\u0438 \u0438\u043b\u0438 \u0437\u0430\u043f\u0440\u043e\u0441\u0438\u0442\u044c \u0434\u043e\u043f\u043e\u043b\u043d\u0438\u0442\u0435\u043b\u044c\u043d\u0443\u044e \u0438\u043d\u0444\u043e\u0440\u043c\u0430\u0446\u0438\u044e. [\/vc_column_text][\/vc_column][\/vc_row][vc_row css=&#187;.vc_custom_1547658429374{padding-bottom: 40px !important;}&#187;][vc_column width=&#187;1\/6&#8243;][vc_empty_space height=&#187;5px&#187;][\/vc_column][vc_column width=&#187;2\/3&#8243;][\/vc_column][vc_column width=&#187;1\/6&#8243;][vc_empty_space height=&#187;5px&#187;][\/vc_column][\/vc_row]<\/p>\n","protected":false},"author":1,"featured_media":0,"parent":0,"menu_order":0,"comment_status":"closed","ping_status":"closed","template":"","meta":{"footnotes":""},"class_list":["post-452","page","type-page","status-publish","hentry","description-off"],"yoast_head":"<!-- This site is optimized with the Yoast SEO plugin v26.3 - https:\/\/yoast.com\/wordpress\/plugins\/seo\/ -->\n<title>K\u043e\u043d\u0442\u0430\u043a\u0442\u044b - San Maurizio Luxury Suite<\/title>\n<meta name=\"robots\" content=\"index, follow, max-snippet:-1, max-image-preview:large, max-video-preview:-1\" \/>\n<link rel=\"canonical\" href=\"https:\/\/www.sanmaurizioluxurysuite.com\/ru\/k%d0%be%d0%bd%d1%82%d0%b0%d0%ba%d1%82%d1%8b\/\" \/>\n<meta property=\"og:locale\" content=\"ru_RU\" \/>\n<meta property=\"og:type\" content=\"article\" \/>\n<meta property=\"og:title\" content=\"K\u043e\u043d\u0442\u0430\u043a\u0442\u044b - San Maurizio Luxury Suite\" \/>\n<meta property=\"og:description\" content=\"[vc_row][vc_column][rev_slider_vc alias=&#187;contatti&#187;][vc_raw_html]JTNDZGl2JTIwY2xhc3MlM0QlMjJhcnJvdy13cmFwcGVyJTIyJTNFJTNDZGl2JTIwY2xhc3MlM0QlMjJhcnJvdyUyMiUzRSUzQyUyRmRpdiUzRSUzQyUyRmRpdiUzRQ==[\/vc_raw_html][\/vc_column][\/vc_row][vc_row full_width=&#187;stretch_row_content_no_spaces&#187; content_placement=&#187;middle&#187; parallax=&#187;content-moving&#187; parallax_image=&#187;125&#8243; parallax_speed_bg=&#187;2&#8243; css=&#187;.vc_custom_1552295313107{padding-top: 20px !important;padding-bottom: 20px !important;}&#187;][vc_column][vc_column_text] K\u043e\u043d\u0442\u0430\u043a\u0442\u044b [\/vc_column_text][\/vc_column][\/vc_row][vc_row css=&#187;.vc_custom_1547658429374{padding-bottom: 40px !important;}&#187;][vc_column][vc_column_text] \u0418\u0441\u043f\u043e\u043b\u044c\u0437\u0443\u0439\u0442\u0435 \u0441\u043b\u0435\u0434\u0443\u044e\u0449\u0443\u044e \u0444\u043e\u0440\u043c\u0443, \u0447\u0442\u043e\u0431\u044b \u0441\u0432\u044f\u0437\u0430\u0442\u044c\u0441\u044f \u0441 \u043d\u0430\u043c\u0438 \u0438\u043b\u0438 \u0437\u0430\u043f\u0440\u043e\u0441\u0438\u0442\u044c \u0434\u043e\u043f\u043e\u043b\u043d\u0438\u0442\u0435\u043b\u044c\u043d\u0443\u044e \u0438\u043d\u0444\u043e\u0440\u043c\u0430\u0446\u0438\u044e. [\/vc_column_text][\/vc_column][\/vc_row][vc_row css=&#187;.vc_custom_1547658429374{padding-bottom: 40px !important;}&#187;][vc_column width=&#187;1\/6&#8243;][vc_empty_space height=&#187;5px&#187;][\/vc_column][vc_column width=&#187;2\/3&#8243;][\/vc_column][vc_column width=&#187;1\/6&#8243;][vc_empty_space height=&#187;5px&#187;][\/vc_column][\/vc_row]\" \/>\n<meta property=\"og:url\" content=\"https:\/\/www.sanmaurizioluxurysuite.com\/ru\/k%d0%be%d0%bd%d1%82%d0%b0%d0%ba%d1%82%d1%8b\/\" \/>\n<meta property=\"og:site_name\" content=\"San Maurizio Luxury Suite\" \/>\n<meta name=\"twitter:card\" content=\"summary_large_image\" \/>\n<meta name=\"twitter:label1\" content=\"\u041f\u0440\u0438\u043c\u0435\u0440\u043d\u043e\u0435 \u0432\u0440\u0435\u043c\u044f \u0434\u043b\u044f \u0447\u0442\u0435\u043d\u0438\u044f\" \/>\n\t<meta name=\"twitter:data1\" content=\"1 \u043c\u0438\u043d\u0443\u0442\u0430\" \/>\n<script type=\"application\/ld+json\" class=\"yoast-schema-graph\">{\"@context\":\"https:\/\/schema.org\",\"@graph\":[{\"@type\":\"WebPage\",\"@id\":\"https:\/\/www.sanmaurizioluxurysuite.com\/ru\/k%d0%be%d0%bd%d1%82%d0%b0%d0%ba%d1%82%d1%8b\/\",\"url\":\"https:\/\/www.sanmaurizioluxurysuite.com\/ru\/k%d0%be%d0%bd%d1%82%d0%b0%d0%ba%d1%82%d1%8b\/\",\"name\":\"K\u043e\u043d\u0442\u0430\u043a\u0442\u044b - San Maurizio Luxury Suite\",\"isPartOf\":{\"@id\":\"https:\/\/www.sanmaurizioluxurysuite.com\/ru\/#website\"},\"datePublished\":\"2020-06-10T15:26:26+00:00\",\"breadcrumb\":{\"@id\":\"https:\/\/www.sanmaurizioluxurysuite.com\/ru\/k%d0%be%d0%bd%d1%82%d0%b0%d0%ba%d1%82%d1%8b\/#breadcrumb\"},\"inLanguage\":\"ru-RU\",\"potentialAction\":[{\"@type\":\"ReadAction\",\"target\":[\"https:\/\/www.sanmaurizioluxurysuite.com\/ru\/k%d0%be%d0%bd%d1%82%d0%b0%d0%ba%d1%82%d1%8b\/\"]}]},{\"@type\":\"BreadcrumbList\",\"@id\":\"https:\/\/www.sanmaurizioluxurysuite.com\/ru\/k%d0%be%d0%bd%d1%82%d0%b0%d0%ba%d1%82%d1%8b\/#breadcrumb\",\"itemListElement\":[{\"@type\":\"ListItem\",\"position\":1,\"name\":\"Home\",\"item\":\"https:\/\/www.sanmaurizioluxurysuite.com\/ru\/\"},{\"@type\":\"ListItem\",\"position\":2,\"name\":\"K\u043e\u043d\u0442\u0430\u043a\u0442\u044b\"}]},{\"@type\":\"WebSite\",\"@id\":\"https:\/\/www.sanmaurizioluxurysuite.com\/ru\/#website\",\"url\":\"https:\/\/www.sanmaurizioluxurysuite.com\/ru\/\",\"name\":\"San Maurizio Luxury Suite\",\"description\":\"Un nuovo sito targato WordPress\",\"potentialAction\":[{\"@type\":\"SearchAction\",\"target\":{\"@type\":\"EntryPoint\",\"urlTemplate\":\"https:\/\/www.sanmaurizioluxurysuite.com\/ru\/?s={search_term_string}\"},\"query-input\":{\"@type\":\"PropertyValueSpecification\",\"valueRequired\":true,\"valueName\":\"search_term_string\"}}],\"inLanguage\":\"ru-RU\"}]}<\/script>\n<!-- \/ Yoast SEO plugin. -->","yoast_head_json":{"title":"K\u043e\u043d\u0442\u0430\u043a\u0442\u044b - San Maurizio Luxury Suite","robots":{"index":"index","follow":"follow","max-snippet":"max-snippet:-1","max-image-preview":"max-image-preview:large","max-video-preview":"max-video-preview:-1"},"canonical":"https:\/\/www.sanmaurizioluxurysuite.com\/ru\/k%d0%be%d0%bd%d1%82%d0%b0%d0%ba%d1%82%d1%8b\/","og_locale":"ru_RU","og_type":"article","og_title":"K\u043e\u043d\u0442\u0430\u043a\u0442\u044b - San Maurizio Luxury Suite","og_description":"[vc_row][vc_column][rev_slider_vc alias=&#187;contatti&#187;][vc_raw_html]JTNDZGl2JTIwY2xhc3MlM0QlMjJhcnJvdy13cmFwcGVyJTIyJTNFJTNDZGl2JTIwY2xhc3MlM0QlMjJhcnJvdyUyMiUzRSUzQyUyRmRpdiUzRSUzQyUyRmRpdiUzRQ==[\/vc_raw_html][\/vc_column][\/vc_row][vc_row full_width=&#187;stretch_row_content_no_spaces&#187; content_placement=&#187;middle&#187; parallax=&#187;content-moving&#187; parallax_image=&#187;125&#8243; parallax_speed_bg=&#187;2&#8243; css=&#187;.vc_custom_1552295313107{padding-top: 20px !important;padding-bottom: 20px !important;}&#187;][vc_column][vc_column_text] K\u043e\u043d\u0442\u0430\u043a\u0442\u044b [\/vc_column_text][\/vc_column][\/vc_row][vc_row css=&#187;.vc_custom_1547658429374{padding-bottom: 40px !important;}&#187;][vc_column][vc_column_text] \u0418\u0441\u043f\u043e\u043b\u044c\u0437\u0443\u0439\u0442\u0435 \u0441\u043b\u0435\u0434\u0443\u044e\u0449\u0443\u044e \u0444\u043e\u0440\u043c\u0443, \u0447\u0442\u043e\u0431\u044b \u0441\u0432\u044f\u0437\u0430\u0442\u044c\u0441\u044f \u0441 \u043d\u0430\u043c\u0438 \u0438\u043b\u0438 \u0437\u0430\u043f\u0440\u043e\u0441\u0438\u0442\u044c \u0434\u043e\u043f\u043e\u043b\u043d\u0438\u0442\u0435\u043b\u044c\u043d\u0443\u044e \u0438\u043d\u0444\u043e\u0440\u043c\u0430\u0446\u0438\u044e. [\/vc_column_text][\/vc_column][\/vc_row][vc_row css=&#187;.vc_custom_1547658429374{padding-bottom: 40px !important;}&#187;][vc_column width=&#187;1\/6&#8243;][vc_empty_space height=&#187;5px&#187;][\/vc_column][vc_column width=&#187;2\/3&#8243;][\/vc_column][vc_column width=&#187;1\/6&#8243;][vc_empty_space height=&#187;5px&#187;][\/vc_column][\/vc_row]","og_url":"https:\/\/www.sanmaurizioluxurysuite.com\/ru\/k%d0%be%d0%bd%d1%82%d0%b0%d0%ba%d1%82%d1%8b\/","og_site_name":"San Maurizio Luxury Suite","twitter_card":"summary_large_image","twitter_misc":{"\u041f\u0440\u0438\u043c\u0435\u0440\u043d\u043e\u0435 \u0432\u0440\u0435\u043c\u044f \u0434\u043b\u044f \u0447\u0442\u0435\u043d\u0438\u044f":"1 \u043c\u0438\u043d\u0443\u0442\u0430"},"schema":{"@context":"https:\/\/schema.org","@graph":[{"@type":"WebPage","@id":"https:\/\/www.sanmaurizioluxurysuite.com\/ru\/k%d0%be%d0%bd%d1%82%d0%b0%d0%ba%d1%82%d1%8b\/","url":"https:\/\/www.sanmaurizioluxurysuite.com\/ru\/k%d0%be%d0%bd%d1%82%d0%b0%d0%ba%d1%82%d1%8b\/","name":"K\u043e\u043d\u0442\u0430\u043a\u0442\u044b - San Maurizio Luxury Suite","isPartOf":{"@id":"https:\/\/www.sanmaurizioluxurysuite.com\/ru\/#website"},"datePublished":"2020-06-10T15:26:26+00:00","breadcrumb":{"@id":"https:\/\/www.sanmaurizioluxurysuite.com\/ru\/k%d0%be%d0%bd%d1%82%d0%b0%d0%ba%d1%82%d1%8b\/#breadcrumb"},"inLanguage":"ru-RU","potentialAction":[{"@type":"ReadAction","target":["https:\/\/www.sanmaurizioluxurysuite.com\/ru\/k%d0%be%d0%bd%d1%82%d0%b0%d0%ba%d1%82%d1%8b\/"]}]},{"@type":"BreadcrumbList","@id":"https:\/\/www.sanmaurizioluxurysuite.com\/ru\/k%d0%be%d0%bd%d1%82%d0%b0%d0%ba%d1%82%d1%8b\/#breadcrumb","itemListElement":[{"@type":"ListItem","position":1,"name":"Home","item":"https:\/\/www.sanmaurizioluxurysuite.com\/ru\/"},{"@type":"ListItem","position":2,"name":"K\u043e\u043d\u0442\u0430\u043a\u0442\u044b"}]},{"@type":"WebSite","@id":"https:\/\/www.sanmaurizioluxurysuite.com\/ru\/#website","url":"https:\/\/www.sanmaurizioluxurysuite.com\/ru\/","name":"San Maurizio Luxury Suite","description":"Un nuovo sito targato WordPress","potentialAction":[{"@type":"SearchAction","target":{"@type":"EntryPoint","urlTemplate":"https:\/\/www.sanmaurizioluxurysuite.com\/ru\/?s={search_term_string}"},"query-input":{"@type":"PropertyValueSpecification","valueRequired":true,"valueName":"search_term_string"}}],"inLanguage":"ru-RU"}]}},"_links":{"self":[{"href":"https:\/\/www.sanmaurizioluxurysuite.com\/ru\/wp-json\/wp\/v2\/pages\/452","targetHints":{"allow":["GET"]}}],"collection":[{"href":"https:\/\/www.sanmaurizioluxurysuite.com\/ru\/wp-json\/wp\/v2\/pages"}],"about":[{"href":"https:\/\/www.sanmaurizioluxurysuite.com\/ru\/wp-json\/wp\/v2\/types\/page"}],"author":[{"embeddable":true,"href":"https:\/\/www.sanmaurizioluxurysuite.com\/ru\/wp-json\/wp\/v2\/users\/1"}],"replies":[{"embeddable":true,"href":"https:\/\/www.sanmaurizioluxurysuite.com\/ru\/wp-json\/wp\/v2\/comments?post=452"}],"version-history":[{"count":1,"href":"https:\/\/www.sanmaurizioluxurysuite.com\/ru\/wp-json\/wp\/v2\/pages\/452\/revisions"}],"predecessor-version":[{"id":453,"href":"https:\/\/www.sanmaurizioluxurysuite.com\/ru\/wp-json\/wp\/v2\/pages\/452\/revisions\/453"}],"wp:attachment":[{"href":"https:\/\/www.sanmaurizioluxurysuite.com\/ru\/wp-json\/wp\/v2\/media?parent=452"}],"curies":[{"name":"wp","href":"https:\/\/api.w.org\/{rel}","templated":true}]}}