{"id":441,"date":"2020-06-10T17:19:50","date_gmt":"2020-06-10T15:19:50","guid":{"rendered":"https:\/\/www.sanmaurizioluxurysuite.com\/?page_id=441"},"modified":"2020-06-10T17:19:50","modified_gmt":"2020-06-10T15:19:50","slug":"lage","status":"publish","type":"page","link":"https:\/\/www.sanmaurizioluxurysuite.com\/de\/lage\/","title":{"rendered":"Lage"},"content":{"rendered":"<div class=\"wpb-content-wrapper\"><p>[vc_row][vc_column][rev_slider_vc alias=&#8220;location&#8220;][vc_raw_html]JTNDZGl2JTIwY2xhc3MlM0QlMjJhcnJvdy13cmFwcGVyJTIyJTNFJTNDZGl2JTIwY2xhc3MlM0QlMjJhcnJvdyUyMiUzRSUzQyUyRmRpdiUzRSUzQyUyRmRpdiUzRQ==[\/vc_raw_html][\/vc_column][\/vc_row][vc_row full_width=&#8220;stretch_row_content_no_spaces&#8220; content_placement=&#8220;middle&#8220; parallax=&#8220;content-moving&#8220; parallax_image=&#8220;125&#8243; parallax_speed_bg=&#8220;2&#8243; css=&#8220;.vc_custom_1552385553168{padding-top: 20px !important;padding-bottom: 20px !important;}&#8220;][vc_column][vc_column_text]<\/p>\n<h1 style=\"text-align: center;\">LAGE<\/h1>\n<p>[\/vc_column_text]<style type=\"text\/css\" data-type=\"the7_shortcodes-inline-css\">.dt-breadcrumbs-id-52a6b48dfab3fe419f87034b265cf0b8 .breadcrumbs {\n  display: inline-block;\n  margin: 0;\n  padding: 2px 10px 2px 10px;\n  border: 0px solid ;\n  border-radius: 0px;\n}\n.dt-breadcrumbs-id-52a6b48dfab3fe419f87034b265cf0b8 .breadcrumbs * {\n  font-size: 14px;\n  line-height: 20px;\n  font-style: italic;\n  color: #000000;\n}\n<\/style><div class=\"dt-breadcrumbs-shortcode dt-breadcrumbs-id-52a6b48dfab3fe419f87034b265cf0b8 align-centre\"><div class=\"assistive-text\">Sie befinden sich hier:<\/div><ol class=\"breadcrumbs text-small\" itemscope itemtype=\"https:\/\/schema.org\/BreadcrumbList\"><li itemprop=\"itemListElement\" itemscope itemtype=\"https:\/\/schema.org\/ListItem\"><a itemprop=\"item\" href=\"https:\/\/www.sanmaurizioluxurysuite.com\/de\/\" title=\"Start\"><span itemprop=\"name\">Start<\/span><\/a><meta itemprop=\"position\" content=\"1\" \/><\/li><li class=\"current\" itemprop=\"itemListElement\" itemscope itemtype=\"https:\/\/schema.org\/ListItem\"><span itemprop=\"name\">Seite<\/span><meta itemprop=\"position\" content=\"2\" \/><\/li><\/ol><\/div>[\/vc_column][\/vc_row][vc_row css=&#8220;.vc_custom_1547553006946{padding-top: 10px !important;padding-bottom: 50px !important;}&#8220;][vc_column][vc_column_text]<\/p>\n<p class=\"p1\" style=\"text-align: center;\">Die San Maurizio Luxury Suite bietet eine privilegierte Lage im historischen Zentrum von Venedig au\u00dferhalb der gro\u00dfen Touristenstr\u00f6me, aber in der N\u00e4he aller Hauptattraktionen in einer ruhigen und eleganten Umgebung.<br \/>\nNur wenige Meter von Campo San Maurizio und Campo Santo Stefano entfernt, zwei der gr\u00f6\u00dften Campo der Stadt, die sie mit ihren Restaurants, Bars und typischen Antiquit\u00e4tenm\u00e4rkten in das lebhafte venezianische Leben einbeziehen, und dem Palazzo Grassi mit Blick auf den Canal Grande, in dem Ausstellungen von Kunst mit internationaler Resonanz.<br \/>\nDie Gallerie dell&#8217;Accademia, die Sammlung Peggy Guggenheim und das bekannte Theater La Fenice sind nur einige der Sehensw\u00fcrdigkeiten, die vom Hotel aus leicht zu erreichen sind und einen lebendigen Ausdruck des \u00fcppigen, aber gleichzeitig aristokratischen Charakters Venedigs darstellen.<br \/>\nDie prestigetr\u00e4chtige und einzigartige Calle XXII Marzo, Heimat der wichtigsten und renommiertesten internationalen Modemarken, liegt 100 m von der Unterkunft entfernt, wo Sie in ein funkelndes und exklusives Luxus-Shopping eintauchen k\u00f6nnen.<\/p>\n<p>[\/vc_column_text][\/vc_column][\/vc_row][vc_row full_width=&#8220;stretch_row_content_no_spaces&#8220;][vc_column][vc_column_text]<div class=\"wpgmp_map_container wpgmp-map-provider-google wpgmp-map-1\" rel=\"map1\" data-plugin-version=\"4.8.6\"><div class=\"wpgmp_map_parent\"><div class=\"wpgmp_map \" style=\"width:100%; height:800px;\" id=\"map1\" data-map-id=\"1\"><\/div><\/div><\/div><script>jQuery(document).ready(function($){ window.wpgmp = window.wpgmp || {}; window.wpgmp.mapdata1 = \"eyJhdXRvc29ydCI6dHJ1ZSwibWFwX29wdGlvbnMiOnsiY2VudGVyX2xhdCI6IjQ1LjQzMjA1NCIsImNlbnRlcl9sbmciOiIxMi4zMzExMDciLCJ6b29tIjoxNiwibWFwX3R5cGVfaWQiOiJST0FETUFQIiwiY2VudGVyX2J5X25lYXJlc3QiOmZhbHNlLCJmaXRfYm91bmRzIjpmYWxzZSwic2hvd19jZW50ZXJfY2lyY2xlIjpmYWxzZSwic2hvd19jZW50ZXJfbWFya2VyIjpmYWxzZSwiY2VudGVyX21hcmtlcl9pY29uIjoiaHR0cHM6XC9cL3d3dy5zYW5tYXVyaXppb2x1eHVyeXN1aXRlLmNvbVwvd3AtY29udGVudFwvcGx1Z2luc1wvd3AtZ29vZ2xlLW1hcC1wbHVnaW5cL2Fzc2V0c1wvaW1hZ2VzXC9cL2RlZmF1bHRfbWFya2VyLnBuZyIsImRyYWdnYWJsZSI6dHJ1ZSwic2Nyb2xsX3doZWVsIjoiZmFsc2UiLCJtYXJrZXJfZGVmYXVsdF9pY29uIjoiaHR0cHM6XC9cL3d3dy5zYW5tYXVyaXppb2x1eHVyeXN1aXRlLmNvbVwvd3AtY29udGVudFwvcGx1Z2luc1wvd3AtZ29vZ2xlLW1hcC1wbHVnaW5cL2Fzc2V0c1wvaW1hZ2VzXC9cL2RlZmF1bHRfbWFya2VyLnBuZyIsImluZm93aW5kb3dfc2tpbiI6eyJuYW1lIjoiZGVmYXVsdCIsInR5cGUiOiJpbmZvd2luZG93In0sImluZm93aW5kb3dfZHJvcF9hbmltYXRpb24iOmZhbHNlLCJjbG9zZV9pbmZvd2luZG93X29uX21hcF9jbGljayI6ZmFsc2UsImRlZmF1bHRfaW5mb3dpbmRvd19vcGVuIjpmYWxzZSwiaW5mb3dpbmRvd19vcGVuX2V2ZW50IjoiY2xpY2siLCJsaXN0aW5nX2luZm93aW5kb3dfb3Blbl9ldmVudCI6ImNsaWNrIiwiaXNfbW9iaWxlIjpmYWxzZSwiaW5mb3dpbmRvd19maWx0ZXJfb25seSI6ZmFsc2UsImluZm93aW5kb3dfY2xpY2tfY2hhbmdlX2NlbnRlciI6ZmFsc2UsImZ1bGxfc2NyZWVuX2NvbnRyb2wiOnRydWUsImNhbWVyYV9jb250cm9sIjpmYWxzZSwic2VhcmNoX2NvbnRyb2wiOnRydWUsInpvb21fY29udHJvbCI6dHJ1ZSwibWFwX3R5cGVfY29udHJvbCI6dHJ1ZSwic3RyZWV0X3ZpZXdfY29udHJvbCI6dHJ1ZSwibG9jYXRlbWVfY29udHJvbCI6ZmFsc2UsIm1vYmlsZV9zcGVjaWZpYyI6ZmFsc2UsInpvb21fbW9iaWxlIjo1LCJkcmFnZ2FibGVfbW9iaWxlIjp0cnVlLCJzY3JvbGxfd2hlZWxfbW9iaWxlIjp0cnVlLCJmdWxsX3NjcmVlbl9jb250cm9sX3Bvc2l0aW9uIjoiVE9QX0xFRlQiLCJzZWFyY2hfY29udHJvbF9wb3NpdGlvbiI6IlRPUF9MRUZUIiwiem9vbV9jb250cm9sX3Bvc2l0aW9uIjoiVE9QX0xFRlQiLCJtYXBfdHlwZV9jb250cm9sX3Bvc2l0aW9uIjoiVE9QX0xFRlQiLCJtYXBfdHlwZV9jb250cm9sX3N0eWxlIjoiSE9SSVpPTlRBTF9CQVIiLCJzdHJlZXRfdmlld19jb250cm9sX3Bvc2l0aW9uIjoiVE9QX0xFRlQiLCJtYXBfaW5mb3dpbmRvd19jdXN0b21pc2F0aW9ucyI6ZmFsc2UsImluZm93aW5kb3dfd2lkdGgiOiIxMDAlIiwic2hvd19pbmZvd2luZG93X2hlYWRlciI6ZmFsc2UsInpvb21fbGV2ZWxfYWZ0ZXJfc2VhcmNoIjoxMCwiZG91YmxlY2xpY2t6b29tIjpmYWxzZSwiY3VycmVudF9wb3N0X29ubHkiOmZhbHNlLCJhZHZhbmNlX3RlbXBsYXRlIjpmYWxzZSwibWFwX3RpbGVfdXJsIjoiaHR0cHM6XC9cL3tzfS50aWxlLm9wZW5zdHJlZXRtYXAub3JnXC97en1cL3t4fVwve3l9LnBuZyIsIm9wZW5zdHJlZXRfc3R5bGVzIjp7Ik9wZW5TdHJlZXRNYXAuTWFwbmlrIjoiaHR0cHM6XC9cL3tzfS50aWxlLm9wZW5zdHJlZXRtYXAub3JnXC97en1cL3t4fVwve3l9LnBuZyIsIk9wZW5TdHJlZXRNYXAuREUiOiJodHRwczpcL1wve3N9LnRpbGUub3BlbnN0cmVldG1hcC5kZVwvdGlsZXNcL29zbWRlXC97en1cL3t4fVwve3l9LnBuZyIsIk9wZW5TdHJlZXRNYXAuQ0giOiJodHRwczpcL1wvdGlsZS5vc20uY2hcL3N3aXR6ZXJsYW5kXC97en1cL3t4fVwve3l9LnBuZyIsIk9wZW5TdHJlZXRNYXAuRnJhbmNlIjoiaHR0cHM6XC9cL3tzfS50aWxlLm9wZW5zdHJlZXRtYXAuZnJcL29zbWZyXC97en1cL3t4fVwve3l9LnBuZyIsIk9wZW5TdHJlZXRNYXAuSE9UIjoiaHR0cHM6XC9cL3tzfS50aWxlLm9wZW5zdHJlZXRtYXAuZnJcL2hvdFwve3p9XC97eH1cL3t5fS5wbmciLCJPcGVuU3RyZWV0TWFwLkJaSCI6Imh0dHBzOlwvXC90aWxlLm9wZW5zdHJlZXRtYXAuYnpoXC9iclwve3p9XC97eH1cL3t5fS5wbmciLCJPcGVuVG9wb01hcCI6Imh0dHBzOlwvXC97c30udGlsZS5vcGVudG9wb21hcC5vcmdcL3t6fVwve3h9XC97eX0ucG5nIiwiVGh1bmRlcmZvcmVzdC5PcGVuQ3ljbGVNYXAiOiJodHRwczpcL1wvZGV2LntzfS50aWxlLm9wZW5zdHJlZXRtYXAuZnJcL2N5Y2xvc21cL3t6fVwve3h9XC97eX0ucG5nIiwiT3Blbk1hcFN1cmZlci5Sb2FkcyI6Imh0dHBzOlwvXC9tYXBzLmhlaWdpdC5vcmdcL29wZW5tYXBzdXJmZXJcL3RpbGVzXC9yb2Fkc1wvd2VibWVyY2F0b3JcL3t6fVwve3h9XC97eX0ucG5nIn0sIm9wZW5zdHJlZXRfc3R5bGVzX21hcmt1cCI6IjxzZWxlY3QgY2xhc3M9XCJ3cG9tcF9tYXBfdHlwZVwiPjxvcHRpb24gdmFsdWU9XCJPcGVuU3RyZWV0TWFwLk1hcG5pa1wiPk9wZW5TdHJlZXRNYXAuTWFwbmlrPFwvb3B0aW9uPjxvcHRpb24gdmFsdWU9XCJPcGVuU3RyZWV0TWFwLkRFXCI+T3BlblN0cmVldE1hcC5ERTxcL29wdGlvbj48b3B0aW9uIHZhbHVlPVwiT3BlblN0cmVldE1hcC5DSFwiPk9wZW5TdHJlZXRNYXAuQ0g8XC9vcHRpb24+PG9wdGlvbiB2YWx1ZT1cIk9wZW5TdHJlZXRNYXAuRnJhbmNlXCI+T3BlblN0cmVldE1hcC5GcmFuY2U8XC9vcHRpb24+PG9wdGlvbiB2YWx1ZT1cIk9wZW5TdHJlZXRNYXAuSE9UXCI+T3BlblN0cmVldE1hcC5IT1Q8XC9vcHRpb24+PG9wdGlvbiB2YWx1ZT1cIk9wZW5TdHJlZXRNYXAuQlpIXCI+T3BlblN0cmVldE1hcC5CWkg8XC9vcHRpb24+PG9wdGlvbiB2YWx1ZT1cIk9wZW5Ub3BvTWFwXCI+T3BlblRvcG9NYXA8XC9vcHRpb24+PG9wdGlvbiB2YWx1ZT1cIlRodW5kZXJmb3Jlc3QuT3BlbkN5Y2xlTWFwXCI+VGh1bmRlcmZvcmVzdC5PcGVuQ3ljbGVNYXA8XC9vcHRpb24+PG9wdGlvbiB2YWx1ZT1cIk9wZW5NYXBTdXJmZXIuUm9hZHNcIj5PcGVuTWFwU3VyZmVyLlJvYWRzPFwvb3B0aW9uPjxcL3NlbGVjdD4iLCJtYXBfYm94X3N0eWxlc19tYXJrdXAiOiI8c2VsZWN0IGNsYXNzPVwid3BvbXBfbWFwYm94X3R5cGVcIj48b3B0aW9uIHZhbHVlPVwic3RyZWV0cy12MTFcIj5TdHJlZXRzPFwvb3B0aW9uPjxvcHRpb24gdmFsdWU9XCJsaWdodC12MTBcIj5MaWdodDxcL29wdGlvbj48b3B0aW9uIHZhbHVlPVwiZGFyay12MTBcIj5EYXJrPFwvb3B0aW9uPjxvcHRpb24gdmFsdWU9XCJvdXRkb29ycy12MTFcIj5PdXRkb29yczxcL29wdGlvbj48b3B0aW9uIHZhbHVlPVwic2F0ZWxsaXRlLXY5XCI+U2F0ZWxsaXRlPFwvb3B0aW9uPjxcL3NlbGVjdD4iLCJib3VuZF9tYXBfYWZ0ZXJfZmlsdGVyIjpmYWxzZSwiZGlzcGxheV9yZXNldF9idXR0b24iOmZhbHNlLCJtYXBfcmVzZXRfYnV0dG9uX3RleHQiOiJadXJcdTAwZmNja3NldHplbiIsImhlaWdodCI6IjgwMCIsInRpbGVzX3Byb3ZpZGVyIjoib3BlbnN0cmVldCJ9LCJwbGFjZXMiOlt7ImlkIjoiMSIsInRpdGxlIjoiU2FuIE1hdXJpemlvIEx1eHVyeSBTdWl0ZSIsImFkZHJlc3MiOiJTYW4gTWFyY28sIDI3MzkgLSBWZW5lemlhIiwic291cmNlIjoibWFudWFsIiwibG9jYXRpb24iOnsiaWNvbiI6Imh0dHBzOlwvXC93d3cuc2FubWF1cml6aW9sdXh1cnlzdWl0ZS5jb21cL3dwLWNvbnRlbnRcL3BsdWdpbnNcL3dwLWdvb2dsZS1tYXAtcGx1Z2luXC9hc3NldHNcL2ltYWdlc1wvXC9kZWZhdWx0X21hcmtlci5wbmciLCJsYXQiOiI0NS40MzIwNTQiLCJsbmciOiIxMi4zMzExMDciLCJvbmNsaWNrX2FjdGlvbiI6Im1hcmtlciIsIm1hcmtlcl9pbWFnZSI6IjxkaXYgY2xhc3M9J2ZjLWZlYXR1cmUtaW1nJz48aW1nIGxvYWRpbmc9J2xhenknIGRlY29kaW5nPSdhc3luYycgYWx0PSdTYW4gTWF1cml6aW8gTHV4dXJ5IFN1aXRlJyBzcmM9J2h0dHBzOlwvXC93d3cuc2FubWF1cml6aW9sdXh1cnlzdWl0ZS5jb21cL3dwLWNvbnRlbnRcL3BsdWdpbnNcL3dwLWdvb2dsZS1tYXAtcGx1Z2luXC9hc3NldHNcL2ltYWdlc1wvc2FtcGxlLmpwZycgY2xhc3M9J3dwZ21wX21hcmtlcl9pbWFnZSBmYy1pdGVtLWZlYXR1cmVkX2ltYWdlIGZjLWl0ZW0tbGFyZ2UnIFwvPjxcL2Rpdj4iLCJvcGVuX25ld190YWIiOiJ5ZXMiLCJhbmltYXRpb24iOiJCT1VOQ0UiLCJpbmZvd2luZG93X2Rpc2FibGUiOnRydWUsInpvb20iOjUsImV4dHJhX2ZpZWxkcyI6eyJsaXN0b3JkZXIiOjB9fSwiY2F0ZWdvcmllcyI6W3sibmFtZSI6IlVuY2F0ZWdvcmllcyIsInR5cGUiOiJjYXRlZ29yeSJ9XX1dLCJtYXBfcHJvcGVydHkiOnsibWFwX2lkIjoiMSJ9LCJzaGFwZXMiOnsiZHJhd2luZ19lZGl0YWJsZSI6ZmFsc2V9LCJmaWx0ZXJzIjp7ImZpbHRlcnNfY29udGFpbmVyIjoiW2RhdGEtY29udGFpbmVyPVwid3BnbXAtZmlsdGVycy1jb250YWluZXJcIl0ifSwiZ2xvYmFsX3NldHRpbmdzIjpmYWxzZSwicHJvdmlkZXIiOiJnb29nbGUiLCJhcGlLZXkiOiIifQ==\"; });<\/script>[\/vc_column_text][vc_empty_space height=&#8220;40px&#8220;][\/vc_column][\/vc_row][vc_row css=&#8220;.vc_custom_1583859084356{padding-bottom: 20px !important;}&#8220;][vc_column width=&#8220;1\/6&#8243;][\/vc_column][vc_column width=&#8220;2\/3&#8243; css=&#8220;.vc_custom_1583859127728{padding-bottom: 30px !important;background-color: #efefef !important;}&#8220;][vc_icon icon_fontawesome=&#8220;fas fa-car&#8220; color=&#8220;white&#8220; background_style=&#8220;rounded&#8220; background_color=&#8220;black&#8220; size=&#8220;lg&#8220; align=&#8220;center&#8220;][vc_column_text]<\/p>\n<h3 align=\"CENTER\">MIT DEM AUTO<\/h3>\n<p align=\"CENTER\">Alle Parkpl\u00e4tze befinden sich am Ende der Liberty Bridge:<\/p>\n<p align=\"CENTER\"><strong>ISLAND DEL TRONCHETTO<\/strong>: Ein kostenpflichtiger Parkplatz, ca. 20,00 \u20ac pro Tag, nicht weit vom Zentrum entfernt. Von dort aus k\u00f6nnen Sie die Linie 2, Haltestelle San Samuele, und gehen Sie zu Fu\u00df weiter nach Campo Santo Stefano und dann nach Campo San Maurizio , wo Sie die einzige Stra\u00dfe zu Ihrer rechten Seite nehmen und Sie finden die San Maurizio Luxury Suite zu Ihrer Rechten.<\/p>\n<p align=\"CENTER\"><strong>PIAZZALE ROMA<\/strong>: Sie finden kostenpflichtige \u00fcberdachte Parkpl\u00e4tze: GARAGE SAN MARCO und MUNICIPAL GARAGE (Sie k\u00f6nnen online mit Rabatt buchen) f\u00fcr ca. 30,00 \u20ac pro Tag.<\/p>\n<p align=\"CENTER\">Dann nehmen Sie die Linie 2, Haltestelle San Samuele. Gehen Sie etwa 100 Meter geradeaus zu Fu\u00df und biegen Sie dann rechts ab. Am Ende der Stra\u00dfe erreichen Sie Campo Santo Stefano. Biegen Sie erneut rechts in die Richtung der Mitte des Platzes ab und biegen Sie dann links ab, um Campo San Maurizio zu erreichen. Sobald Sie Campo San Maurizio erreicht haben, biegen Sie nach rechts ab und gehen etwa 50 Meter weiter. Auf der rechten Seite befindet sich die San Maurizio Luxury Suite.<br \/>\nSie k\u00f6nnen auch die Linie 1 nehmen bis zu Haltestelle Giglio und etwa drei Minuten zu Fu\u00df gehen bis Campo San Maurizio. Biegen Sie links ab in die einzige Stra\u00dfe und gehen Sie etwa 50 Meter geradeaus. Dort finden Sie die San Maurizio Luxury Suite auf der rechten Seite.<\/p>\n<p align=\"CENTER\">Von der Piazzale Roma k\u00f6nnten Sie uns in etwa 20 Minuten erreichen. Weiter geht es zum Campo Santa Margherita, zum Campo San Barnaba, zur Accademia-Br\u00fccke, zum Campo Santo Stefano und schlie\u00dflich nach San Maurizio (San Marco, 2739).<\/p>\n<p>[\/vc_column_text][\/vc_column][vc_column width=&#8220;1\/6&#8243;][\/vc_column][\/vc_row][vc_row css=&#8220;.vc_custom_1583859137356{padding-bottom: 20px !important;}&#8220;][vc_column width=&#8220;1\/6&#8243;][\/vc_column][vc_column width=&#8220;2\/3&#8243; css=&#8220;.vc_custom_1583859146544{padding-bottom: 30px !important;background-color: #efefef !important;}&#8220;][vc_icon icon_fontawesome=&#8220;fas fa-subway&#8220; color=&#8220;white&#8220; background_style=&#8220;rounded&#8220; background_color=&#8220;black&#8220; size=&#8220;lg&#8220; align=&#8220;center&#8220;][vc_column_text]<\/p>\n<h3 style=\"text-align: center;\" align=\"CENTER\">MIT DEM ZUG<\/h3>\n<p style=\"text-align: center;\">Vom Bahnhof Santa Lucia auch ist Folgendes m\u00f6glich:<\/p>\n<p style=\"text-align: center;\">Nehmen Sie die Vaporetto Linie 2 bis zur Haltestelle San Samuele. Gehen Sie etwa 100 Meter geradeaus zu Fu\u00df und biegen Sie dann rechts ab. Am Ende der Stra\u00dfe erreichen Sie Campo Santo Stefano. Biegen Sie erneut rechts in die Richtung der Mitte des Platzes ab und biegen Sie dann links ab, um Campo San Maurizio zu erreichen. Sobald Sie Campo San Maurizio erreicht haben, biegen Sie nach rechts ab und gehen etwa 50 Meter weiter. Auf der rechten Seite befindet sich die San Maurizio Luxury Suite.<\/p>\n<p style=\"text-align: center;\">Sie k\u00f6nnen auch die Linie 1 nehmen bis zu Haltestelle Giglio und etwa drei Minuten zu Fu\u00df gehen bis Campo San Maurizio. Biegen Sie links ab in die einzige Stra\u00dfe und gehen Sie etwa 50 Meter geradeaus. Dort finden Sie die San Maurizio Luxury Suite auf der rechten Seite.<\/p>\n<p>[\/vc_column_text][\/vc_column][vc_column width=&#8220;1\/6&#8243;][\/vc_column][\/vc_row][vc_row css=&#8220;.vc_custom_1583859137356{padding-bottom: 20px !important;}&#8220;][vc_column width=&#8220;1\/6&#8243;][\/vc_column][vc_column width=&#8220;2\/3&#8243; css=&#8220;.vc_custom_1583859146544{padding-bottom: 30px !important;background-color: #efefef !important;}&#8220;][vc_icon icon_fontawesome=&#8220;fas fa-plane&#8220; color=&#8220;white&#8220; background_style=&#8220;rounded&#8220; background_color=&#8220;black&#8220; size=&#8220;lg&#8220; align=&#8220;center&#8220;][vc_column_text]<\/p>\n<h3 style=\"text-align: center;\" align=\"CENTER\">MIT DEM FLUGZEUG<\/h3>\n<p style=\"text-align: center;\"><strong>VOM FLUGHAFEN MARCO POLO DI VENEZIA<\/strong>: Nur wenige Schritte vom Flughafen entfernt befindet sich die Linie Vaporetto Alilaguna Orange, die in etwa einer Stunde das Zentrum von Venedig erreicht. Die Haltestelle Giglio und etwa drei Minuten zu Fu\u00df gehen bis Campo San Maurizio. Biegen Sie links ab in die<br \/>\neinzige Stra\u00dfe und gehen Sie etwa 50 Meter geradeaus. Dort finden Sie die San Maurizio Luxury Suite auf der rechten Seite.<\/p>\n<p style=\"text-align: center;\"><strong>VOM FLUGHAFEN TREVISO CANOVA<\/strong>: ATVO-Direktverbindung nach Venedig, das in etwa einer Stunde die Piazzale Roma erreicht, wo Sie dann den Vaporetto nehmen k\u00f6nnen:<br \/>\nNehmen Sie die Vaporetto Linie 2 bis zur Haltestelle San Samuele. Gehen Sie etwa 100 Meter geradeaus zu Fu\u00df und biegen Sie dann rechts ab. Am Ende der Stra\u00dfe erreichen Sie Campo Santo Stefano. Biegen Sie erneut rechts in die Richtung der Mitte des Platzes ab und biegen Sie dann links ab, um Campo San Maurizio zu erreichen. Sobald Sie Campo San Maurizio erreicht haben, biegen Sie nach rechts ab und gehen etwa 50 Meter weiter. Auf der rechten Seite befindet sich die San Maurizio Luxury Suite.<\/p>\n<p style=\"text-align: center;\">Sie k\u00f6nnen auch die Linie 1 nehmen bis zu Haltestelle Giglio und etwa drei Minuten zu Fu\u00df gehen bis Campo San Maurizio. Biegen Sie links ab in die einzige Stra\u00dfe und gehen Sie etwa 50 Meter geradeaus. Dort finden Sie die San Maurizio Luxury Suite auf der rechten Seite.<\/p>\n<p>[\/vc_column_text][\/vc_column][vc_column width=&#8220;1\/6&#8243;][\/vc_column][\/vc_row][vc_row css=&#8220;.vc_custom_1583859137356{padding-bottom: 20px !important;}&#8220;][vc_column width=&#8220;1\/6&#8243;][\/vc_column][vc_column width=&#8220;2\/3&#8243; css=&#8220;.vc_custom_1583859146544{padding-bottom: 30px !important;background-color: #efefef !important;}&#8220;][vc_icon icon_fontawesome=&#8220;fas fa-taxi&#8220; color=&#8220;white&#8220; background_style=&#8220;rounded&#8220; background_color=&#8220;black&#8220; size=&#8220;lg&#8220; align=&#8220;center&#8220;][vc_column_text]<\/p>\n<h3 style=\"text-align: center;\" align=\"CENTER\">TAXI<\/h3>\n<p style=\"text-align: center;\">Die Mitarbeiter der San Maurizio Luxury Suite buchen gerne einen Taxiservice f\u00fcr Sie.<br \/>\nDie Kosten f\u00fcr die Route vom Flughafen Marco Polo betragen \u20ac 150,00. Dort wartet ein Taxi au\u00dferhalb des Flughafens auf Sie, um Sie zum Pier zu bringen, wo Sie ein Wassertaxi zum Hotel begleitet.<br \/>\nF\u00fcr die Strecke vom Bahnhof Santa Lucia oder der Piazzale Roma betragen die Kosten 60,00 \u20ac.<br \/>\nF\u00fcr die Strecke vom Tronchetto sind es 80,00 \u20ac.<br \/>\nDie Preise gelten f\u00fcr maximal 4 Personen und k\u00f6nnen je nach Fahrplan variieren.<\/p>\n<p>[\/vc_column_text][\/vc_column][vc_column width=&#8220;1\/6&#8243;][\/vc_column][\/vc_row]<\/p>\n<\/div>","protected":false},"excerpt":{"rendered":"<p>[vc_row][vc_column][rev_slider_vc alias=&#8220;location&#8220;][vc_raw_html]JTNDZGl2JTIwY2xhc3MlM0QlMjJhcnJvdy13cmFwcGVyJTIyJTNFJTNDZGl2JTIwY2xhc3MlM0QlMjJhcnJvdyUyMiUzRSUzQyUyRmRpdiUzRSUzQyUyRmRpdiUzRQ==[\/vc_raw_html][\/vc_column][\/vc_row][vc_row full_width=&#8220;stretch_row_content_no_spaces&#8220; content_placement=&#8220;middle&#8220; parallax=&#8220;content-moving&#8220; parallax_image=&#8220;125&#8243; parallax_speed_bg=&#8220;2&#8243; css=&#8220;.vc_custom_1552385553168{padding-top: 20px !important;padding-bottom: 20px !important;}&#8220;][vc_column][vc_column_text] LAGE [\/vc_column_text][\/vc_column][\/vc_row][vc_row css=&#8220;.vc_custom_1547553006946{padding-top: 10px !important;padding-bottom: 50px !important;}&#8220;][vc_column][vc_column_text] Die San Maurizio Luxury Suite bietet eine privilegierte Lage im historischen Zentrum von Venedig au\u00dferhalb der gro\u00dfen Touristenstr\u00f6me, aber in der N\u00e4he aller Hauptattraktionen in einer ruhigen und eleganten Umgebung. Nur wenige Meter von Campo San&hellip;<\/p>\n","protected":false},"author":1,"featured_media":0,"parent":0,"menu_order":0,"comment_status":"closed","ping_status":"closed","template":"","meta":{"footnotes":""},"class_list":["post-441","page","type-page","status-publish","hentry","description-off"],"yoast_head":"<!-- This site is optimized with the Yoast SEO plugin v26.3 - https:\/\/yoast.com\/wordpress\/plugins\/seo\/ -->\n<title>Lage - San Maurizio Luxury Suite<\/title>\n<meta name=\"robots\" content=\"index, follow, max-snippet:-1, max-image-preview:large, max-video-preview:-1\" \/>\n<link rel=\"canonical\" href=\"https:\/\/www.sanmaurizioluxurysuite.com\/de\/lage\/\" \/>\n<meta property=\"og:locale\" content=\"de_DE\" \/>\n<meta property=\"og:type\" content=\"article\" \/>\n<meta property=\"og:title\" content=\"Lage - San Maurizio Luxury Suite\" \/>\n<meta property=\"og:description\" content=\"[vc_row][vc_column][rev_slider_vc alias=&#8220;location&#8220;][vc_raw_html]JTNDZGl2JTIwY2xhc3MlM0QlMjJhcnJvdy13cmFwcGVyJTIyJTNFJTNDZGl2JTIwY2xhc3MlM0QlMjJhcnJvdyUyMiUzRSUzQyUyRmRpdiUzRSUzQyUyRmRpdiUzRQ==[\/vc_raw_html][\/vc_column][\/vc_row][vc_row full_width=&#8220;stretch_row_content_no_spaces&#8220; content_placement=&#8220;middle&#8220; parallax=&#8220;content-moving&#8220; parallax_image=&#8220;125&#8243; parallax_speed_bg=&#8220;2&#8243; css=&#8220;.vc_custom_1552385553168{padding-top: 20px !important;padding-bottom: 20px !important;}&#8220;][vc_column][vc_column_text] LAGE [\/vc_column_text][\/vc_column][\/vc_row][vc_row css=&#8220;.vc_custom_1547553006946{padding-top: 10px !important;padding-bottom: 50px !important;}&#8220;][vc_column][vc_column_text] Die San Maurizio Luxury Suite bietet eine privilegierte Lage im historischen Zentrum von Venedig au\u00dferhalb der gro\u00dfen Touristenstr\u00f6me, aber in der N\u00e4he aller Hauptattraktionen in einer ruhigen und eleganten Umgebung. Nur wenige Meter von Campo San&hellip;\" \/>\n<meta property=\"og:url\" content=\"https:\/\/www.sanmaurizioluxurysuite.com\/de\/lage\/\" \/>\n<meta property=\"og:site_name\" content=\"San Maurizio Luxury Suite\" \/>\n<meta name=\"twitter:card\" content=\"summary_large_image\" \/>\n<meta name=\"twitter:label1\" content=\"Gesch\u00e4tzte Lesezeit\" \/>\n\t<meta name=\"twitter:data1\" content=\"6\u00a0Minuten\" \/>\n<script type=\"application\/ld+json\" class=\"yoast-schema-graph\">{\"@context\":\"https:\/\/schema.org\",\"@graph\":[{\"@type\":\"WebPage\",\"@id\":\"https:\/\/www.sanmaurizioluxurysuite.com\/de\/lage\/\",\"url\":\"https:\/\/www.sanmaurizioluxurysuite.com\/de\/lage\/\",\"name\":\"Lage - San Maurizio Luxury Suite\",\"isPartOf\":{\"@id\":\"https:\/\/www.sanmaurizioluxurysuite.com\/de\/#website\"},\"datePublished\":\"2020-06-10T15:19:50+00:00\",\"breadcrumb\":{\"@id\":\"https:\/\/www.sanmaurizioluxurysuite.com\/de\/lage\/#breadcrumb\"},\"inLanguage\":\"de\",\"potentialAction\":[{\"@type\":\"ReadAction\",\"target\":[\"https:\/\/www.sanmaurizioluxurysuite.com\/de\/lage\/\"]}]},{\"@type\":\"BreadcrumbList\",\"@id\":\"https:\/\/www.sanmaurizioluxurysuite.com\/de\/lage\/#breadcrumb\",\"itemListElement\":[{\"@type\":\"ListItem\",\"position\":1,\"name\":\"Home\",\"item\":\"https:\/\/www.sanmaurizioluxurysuite.com\/de\/\"},{\"@type\":\"ListItem\",\"position\":2,\"name\":\"Lage\"}]},{\"@type\":\"WebSite\",\"@id\":\"https:\/\/www.sanmaurizioluxurysuite.com\/de\/#website\",\"url\":\"https:\/\/www.sanmaurizioluxurysuite.com\/de\/\",\"name\":\"San Maurizio Luxury Suite\",\"description\":\"Un nuovo sito targato WordPress\",\"potentialAction\":[{\"@type\":\"SearchAction\",\"target\":{\"@type\":\"EntryPoint\",\"urlTemplate\":\"https:\/\/www.sanmaurizioluxurysuite.com\/de\/?s={search_term_string}\"},\"query-input\":{\"@type\":\"PropertyValueSpecification\",\"valueRequired\":true,\"valueName\":\"search_term_string\"}}],\"inLanguage\":\"de\"}]}<\/script>\n<!-- \/ Yoast SEO plugin. -->","yoast_head_json":{"title":"Lage - San Maurizio Luxury Suite","robots":{"index":"index","follow":"follow","max-snippet":"max-snippet:-1","max-image-preview":"max-image-preview:large","max-video-preview":"max-video-preview:-1"},"canonical":"https:\/\/www.sanmaurizioluxurysuite.com\/de\/lage\/","og_locale":"de_DE","og_type":"article","og_title":"Lage - San Maurizio Luxury Suite","og_description":"[vc_row][vc_column][rev_slider_vc alias=&#8220;location&#8220;][vc_raw_html]JTNDZGl2JTIwY2xhc3MlM0QlMjJhcnJvdy13cmFwcGVyJTIyJTNFJTNDZGl2JTIwY2xhc3MlM0QlMjJhcnJvdyUyMiUzRSUzQyUyRmRpdiUzRSUzQyUyRmRpdiUzRQ==[\/vc_raw_html][\/vc_column][\/vc_row][vc_row full_width=&#8220;stretch_row_content_no_spaces&#8220; content_placement=&#8220;middle&#8220; parallax=&#8220;content-moving&#8220; parallax_image=&#8220;125&#8243; parallax_speed_bg=&#8220;2&#8243; css=&#8220;.vc_custom_1552385553168{padding-top: 20px !important;padding-bottom: 20px !important;}&#8220;][vc_column][vc_column_text] LAGE [\/vc_column_text][\/vc_column][\/vc_row][vc_row css=&#8220;.vc_custom_1547553006946{padding-top: 10px !important;padding-bottom: 50px !important;}&#8220;][vc_column][vc_column_text] Die San Maurizio Luxury Suite bietet eine privilegierte Lage im historischen Zentrum von Venedig au\u00dferhalb der gro\u00dfen Touristenstr\u00f6me, aber in der N\u00e4he aller Hauptattraktionen in einer ruhigen und eleganten Umgebung. Nur wenige Meter von Campo San&hellip;","og_url":"https:\/\/www.sanmaurizioluxurysuite.com\/de\/lage\/","og_site_name":"San Maurizio Luxury Suite","twitter_card":"summary_large_image","twitter_misc":{"Gesch\u00e4tzte Lesezeit":"6\u00a0Minuten"},"schema":{"@context":"https:\/\/schema.org","@graph":[{"@type":"WebPage","@id":"https:\/\/www.sanmaurizioluxurysuite.com\/de\/lage\/","url":"https:\/\/www.sanmaurizioluxurysuite.com\/de\/lage\/","name":"Lage - San Maurizio Luxury Suite","isPartOf":{"@id":"https:\/\/www.sanmaurizioluxurysuite.com\/de\/#website"},"datePublished":"2020-06-10T15:19:50+00:00","breadcrumb":{"@id":"https:\/\/www.sanmaurizioluxurysuite.com\/de\/lage\/#breadcrumb"},"inLanguage":"de","potentialAction":[{"@type":"ReadAction","target":["https:\/\/www.sanmaurizioluxurysuite.com\/de\/lage\/"]}]},{"@type":"BreadcrumbList","@id":"https:\/\/www.sanmaurizioluxurysuite.com\/de\/lage\/#breadcrumb","itemListElement":[{"@type":"ListItem","position":1,"name":"Home","item":"https:\/\/www.sanmaurizioluxurysuite.com\/de\/"},{"@type":"ListItem","position":2,"name":"Lage"}]},{"@type":"WebSite","@id":"https:\/\/www.sanmaurizioluxurysuite.com\/de\/#website","url":"https:\/\/www.sanmaurizioluxurysuite.com\/de\/","name":"San Maurizio Luxury Suite","description":"Un nuovo sito targato WordPress","potentialAction":[{"@type":"SearchAction","target":{"@type":"EntryPoint","urlTemplate":"https:\/\/www.sanmaurizioluxurysuite.com\/de\/?s={search_term_string}"},"query-input":{"@type":"PropertyValueSpecification","valueRequired":true,"valueName":"search_term_string"}}],"inLanguage":"de"}]}},"_links":{"self":[{"href":"https:\/\/www.sanmaurizioluxurysuite.com\/de\/wp-json\/wp\/v2\/pages\/441","targetHints":{"allow":["GET"]}}],"collection":[{"href":"https:\/\/www.sanmaurizioluxurysuite.com\/de\/wp-json\/wp\/v2\/pages"}],"about":[{"href":"https:\/\/www.sanmaurizioluxurysuite.com\/de\/wp-json\/wp\/v2\/types\/page"}],"author":[{"embeddable":true,"href":"https:\/\/www.sanmaurizioluxurysuite.com\/de\/wp-json\/wp\/v2\/users\/1"}],"replies":[{"embeddable":true,"href":"https:\/\/www.sanmaurizioluxurysuite.com\/de\/wp-json\/wp\/v2\/comments?post=441"}],"version-history":[{"count":1,"href":"https:\/\/www.sanmaurizioluxurysuite.com\/de\/wp-json\/wp\/v2\/pages\/441\/revisions"}],"predecessor-version":[{"id":442,"href":"https:\/\/www.sanmaurizioluxurysuite.com\/de\/wp-json\/wp\/v2\/pages\/441\/revisions\/442"}],"wp:attachment":[{"href":"https:\/\/www.sanmaurizioluxurysuite.com\/de\/wp-json\/wp\/v2\/media?parent=441"}],"curies":[{"name":"wp","href":"https:\/\/api.w.org\/{rel}","templated":true}]}}