{"id":402,"date":"2020-06-10T17:11:21","date_gmt":"2020-06-10T15:11:21","guid":{"rendered":"https:\/\/www.sanmaurizioluxurysuite.com\/?page_id=402"},"modified":"2025-07-04T11:27:23","modified_gmt":"2025-07-04T09:27:23","slug":"struktur","status":"publish","type":"page","link":"https:\/\/www.sanmaurizioluxurysuite.com\/de\/struktur\/","title":{"rendered":"Struktur"},"content":{"rendered":"<div class=\"wpb-content-wrapper\"><p>[vc_row][vc_column][rev_slider_vc alias=&#8220;struttura&#8220;][vc_raw_html]JTNDZGl2JTIwY2xhc3MlM0QlMjJhcnJvdy13cmFwcGVyJTIyJTNFJTNDZGl2JTIwY2xhc3MlM0QlMjJhcnJvdyUyMiUzRSUzQyUyRmRpdiUzRSUzQyUyRmRpdiUzRQ==[\/vc_raw_html][\/vc_column][\/vc_row][vc_row full_width=&#8220;stretch_row_content_no_spaces&#8220; content_placement=&#8220;middle&#8220; parallax=&#8220;content-moving&#8220; parallax_image=&#8220;125&#8243; parallax_speed_bg=&#8220;2&#8243; css=&#8220;.vc_custom_1552295334053{padding-top: 20px !important;padding-bottom: 20px !important;}&#8220;][vc_column][vc_column_text]<\/p>\n<h1 style=\"text-align: center;\">STRUKTUR<\/h1>\n<p>[\/vc_column_text]<style type=\"text\/css\" data-type=\"the7_shortcodes-inline-css\">.dt-breadcrumbs-id-52a6b48dfab3fe419f87034b265cf0b8 .breadcrumbs {\n  display: inline-block;\n  margin: 0;\n  padding: 2px 10px 2px 10px;\n  border: 0px solid ;\n  border-radius: 0px;\n}\n.dt-breadcrumbs-id-52a6b48dfab3fe419f87034b265cf0b8 .breadcrumbs * {\n  font-size: 14px;\n  line-height: 20px;\n  font-style: italic;\n  color: #000000;\n}\n<\/style><div class=\"dt-breadcrumbs-shortcode dt-breadcrumbs-id-52a6b48dfab3fe419f87034b265cf0b8 align-centre\"><div class=\"assistive-text\">Sie befinden sich hier:<\/div><ol class=\"breadcrumbs text-small\" itemscope itemtype=\"https:\/\/schema.org\/BreadcrumbList\"><li itemprop=\"itemListElement\" itemscope itemtype=\"https:\/\/schema.org\/ListItem\"><a itemprop=\"item\" href=\"https:\/\/www.sanmaurizioluxurysuite.com\/de\/\" title=\"Start\"><span itemprop=\"name\">Start<\/span><\/a><meta itemprop=\"position\" content=\"1\" \/><\/li><li class=\"current\" itemprop=\"itemListElement\" itemscope itemtype=\"https:\/\/schema.org\/ListItem\"><span itemprop=\"name\">Seite<\/span><meta itemprop=\"position\" content=\"2\" \/><\/li><\/ol><\/div>[\/vc_column][\/vc_row][vc_row css=&#8220;.vc_custom_1547658429374{padding-bottom: 40px !important;}&#8220;][vc_column][vc_column_text]<\/p>\n<p class=\"p1\" style=\"text-align: center;\">Die San Maurizio Luxury Suite ist um einen gemeinsamen Wohnbereich mit feinen Goldoberfl\u00e4chen gegliedert und inspiriert vom Klassizismus der Linien, dem Barock f\u00fcr Farben, Stoffe und Polster und dem Zeitgen\u00f6ssischen f\u00fcr die Materialien, aus denen die M\u00f6bel hergestellt werden.<br \/>\nJede Suite folgt dem gleichen Stil, aber einem anderen Charakter, der durch die Farbkombinationen und die Linien der nach Ma\u00df entworfenen und gefertigten M\u00f6bel entsteht.<\/p>\n<p class=\"p1\" style=\"text-align: center;\">Besonderes Augenmerk auf den alten typisch venezianischen Terrazzoboden und gro\u00dfe Sorgfalt auch in den Badezimmern, in denen Onyx, ein kostbares und empfindliches Material, an den W\u00e4nden \u00fcberragend ist.<br \/>\nDie Halle ist Ausdruck eines raffinierten Klassizismus, der in einem modernen Schl\u00fcssel wieder aufgegriffen wurde, und kombiniert innovative und gestalterische Elemente mit pr\u00e4chtigen und originalen Holzbalken aus dem 18. Jahrhundert, die typisch f\u00fcr venezianische Adelspal\u00e4ste sind.<\/p>\n<p class=\"p1\" style=\"text-align: center;\">Der charmante und luxuri\u00f6se Kronleuchter aus feinem Messing strahlt den Lichtsalon wundersch\u00f6n aus und sorgt zusammen mit den modernen Flos-Lampen in der Wand f\u00fcr ein angenehmes Spiel von Licht und Farbe.<br \/>\nAlle Suiten sind streng schallisoliert und rauchfrei.<\/p>\n<p>[\/vc_column_text][\/vc_column][\/vc_row][vc_row full_width=&#8220;stretch_row&#8220; css=&#8220;.vc_custom_1547658554106{padding-bottom: 40px !important;}&#8220;][vc_column]<style type=\"text\/css\" data-type=\"the7_shortcodes-inline-css\">.gallery-carousel-shortcode.gallery-carousel-shortcode-id-c7c41885100087bf6f824b21025697e4 .owl-nav a {\n  width: 36px;\n  height: 36px;\n  border-radius: 500px;\n}\n.dt-arrow-border-on.gallery-carousel-shortcode.gallery-carousel-shortcode-id-c7c41885100087bf6f824b21025697e4 .owl-nav a:not(:hover):before {\n  border-width: 0px;\n}\n.dt-arrow-hover-border-on.gallery-carousel-shortcode.gallery-carousel-shortcode-id-c7c41885100087bf6f824b21025697e4 .owl-nav a:hover:after {\n  border-width: 0px;\n}\n.gallery-carousel-shortcode.gallery-carousel-shortcode-id-c7c41885100087bf6f824b21025697e4 .owl-nav a.owl-prev {\n  top: 50%;\n  transform: translateY(calc(-50% + 0px));\n  left: -43px;\n}\n@media all and (-ms-high-contrast: none) {\n  .gallery-carousel-shortcode.gallery-carousel-shortcode-id-c7c41885100087bf6f824b21025697e4 .owl-nav a.owl-prev {\n    transform: translateY(-50%);\n    margin-top: 0px;\n  }\n}\n.gallery-carousel-shortcode.gallery-carousel-shortcode-id-c7c41885100087bf6f824b21025697e4 .owl-nav a.owl-prev i {\n  padding: 0px 0px 0px 0px;\n}\n.gallery-carousel-shortcode.gallery-carousel-shortcode-id-c7c41885100087bf6f824b21025697e4 .owl-nav a.owl-next {\n  top: 50%;\n  transform: translateY(calc(-50% + 0px));\n  right: -43px;\n}\n@media all and (-ms-high-contrast: none) {\n  .gallery-carousel-shortcode.gallery-carousel-shortcode-id-c7c41885100087bf6f824b21025697e4 .owl-nav a.owl-next {\n    transform: translateY(-50%);\n    margin-top: 0px;\n  }\n}\n.gallery-carousel-shortcode.gallery-carousel-shortcode-id-c7c41885100087bf6f824b21025697e4 .owl-nav a.owl-next i {\n  padding: 0px 0px 0px 0px;\n}\n.gallery-carousel-shortcode.gallery-carousel-shortcode-id-c7c41885100087bf6f824b21025697e4 .owl-nav i {\n  font-size: 18px;\n}\n.gallery-carousel-shortcode.gallery-carousel-shortcode-id-c7c41885100087bf6f824b21025697e4 .owl-nav a:not(:hover) i,\n.gallery-carousel-shortcode.gallery-carousel-shortcode-id-c7c41885100087bf6f824b21025697e4 .owl-nav a:not(:hover) i:before {\n  color: #ffffff;\n  background: none;\n}\n.gallery-carousel-shortcode.gallery-carousel-shortcode-id-c7c41885100087bf6f824b21025697e4 .owl-nav a:hover i,\n.gallery-carousel-shortcode.gallery-carousel-shortcode-id-c7c41885100087bf6f824b21025697e4 .owl-nav a:hover i:before {\n  color: rgba(255,255,255,0.75);\n  background: none;\n}\n.gallery-carousel-shortcode.gallery-carousel-shortcode-id-c7c41885100087bf6f824b21025697e4 .owl-dots {\n  top: calc(100% + 20px);\n  left: 50%;\n  transform: translateX(calc(-50% + 0px));\n}\n@media all and (-ms-high-contrast: none) {\n  .gallery-carousel-shortcode.gallery-carousel-shortcode-id-c7c41885100087bf6f824b21025697e4 .owl-dots {\n    transform: translateX(-50%);\n    margin-left: 0px;\n  }\n}\n.gallery-carousel-shortcode.gallery-carousel-shortcode-id-c7c41885100087bf6f824b21025697e4 .owl-dot {\n  width: 10px;\n  height: 10px;\n  margin: 0 8px;\n}\n@media screen and (max-width: 778px) {\n  .gallery-carousel-shortcode.gallery-carousel-shortcode-id-c7c41885100087bf6f824b21025697e4.hide-arrows .owl-nav a {\n    display: none;\n  }\n}\n@media screen and (max-width: 778px) {\n  .gallery-carousel-shortcode.gallery-carousel-shortcode-id-c7c41885100087bf6f824b21025697e4.reposition-arrows .owl-nav .owl-prev {\n    top: 50%;\n    transform: translateY(calc(-50% + 0px));\n    left: 10px;\n  }\n  .gallery-carousel-shortcode.gallery-carousel-shortcode-id-c7c41885100087bf6f824b21025697e4.reposition-arrows .owl-nav .owl-next {\n    top: 50%;\n    transform: translateY(calc(-50% + 0px));\n    right: 10px;\n  }\n}\n@media screen and (max-width: 778px) and all and (-ms-high-contrast: none) {\n  .gallery-carousel-shortcode.gallery-carousel-shortcode-id-c7c41885100087bf6f824b21025697e4.reposition-arrows .owl-nav .owl-prev {\n    transform: translateY(-50%);\n    margin-top: 0px;\n  }\n}\n@media screen and (max-width: 778px) and all and (-ms-high-contrast: none) {\n  .gallery-carousel-shortcode.gallery-carousel-shortcode-id-c7c41885100087bf6f824b21025697e4.reposition-arrows .owl-nav .owl-next {\n    transform: translateY(-50%);\n    margin-top: 0px;\n  }\n}\n.gallery-carousel-shortcode.gallery-carousel-shortcode-id-c7c41885100087bf6f824b21025697e4 figure,\n.gallery-carousel-shortcode.gallery-carousel-shortcode-id-c7c41885100087bf6f824b21025697e4 .rollover,\n.gallery-carousel-shortcode.gallery-carousel-shortcode-id-c7c41885100087bf6f824b21025697e4 img,\n.gallery-carousel-shortcode.gallery-carousel-shortcode-id-c7c41885100087bf6f824b21025697e4 .gallery-rollover {\n  border-radius: 5px;\n}\n.gallery-carousel-shortcode.gallery-carousel-shortcode-id-c7c41885100087bf6f824b21025697e4.enable-bg-rollover .gallery-rollover {\n  background: -webkit-linear-gradient();\n  background: linear-gradient();\n}\n.gallery-carousel-shortcode.gallery-carousel-shortcode-id-c7c41885100087bf6f824b21025697e4.enable-img-shadow .owl-stage-outer {\n  padding: 14px 0;\n}\n.gallery-carousel-shortcode.gallery-carousel-shortcode-id-c7c41885100087bf6f824b21025697e4.enable-bg-rollover.hover-scale figure .rollover:after {\n  background: -webkit-linear-gradient();\n  background: linear-gradient();\n}\n.gallery-carousel-shortcode.gallery-carousel-shortcode-id-c7c41885100087bf6f824b21025697e4.gallery-shortcode .gallery-zoom-ico {\n  width: 44px;\n  height: 44px;\n  line-height: 44px;\n  border-radius: 100px;\n  margin: -22px 0 0 -22px;\n  border-width: 0px;\n}\n.dt-icon-bg-on.gallery-carousel-shortcode.gallery-carousel-shortcode-id-c7c41885100087bf6f824b21025697e4.gallery-shortcode .gallery-zoom-ico {\n  background: rgba(255,255,255,0.3);\n  box-shadow: none;\n}\n.gallery-carousel-shortcode.gallery-carousel-shortcode-id-c7c41885100087bf6f824b21025697e4.gallery-shortcode .gallery-zoom-ico:before,\n.gallery-carousel-shortcode.gallery-carousel-shortcode-id-c7c41885100087bf6f824b21025697e4.gallery-shortcode .gallery-zoom-ico span {\n  font-size: 32px;\n  line-height: 44px;\n  color: #ffffff;\n  background: none;\n}\n<\/style><div class=\"owl-carousel gallery-carousel-shortcode gallery-shortcode  dt-gallery-container dt-owl-carousel-call gallery-carousel-shortcode-id-c7c41885100087bf6f824b21025697e4 quick-scale-img enable-bg-rollover meta-info-off dt-arrow-border-on dt-arrow-hover-border-on bullets-small-dot-stroke reposition-arrows dt-icon-bg-off arrows-bg-on disable-arrows-hover-bg arrows-hover-bg-on  hover-fade \" data-scroll-mode=\"1\" data-col-num=\"4\" data-wide-col-num=\"4\" data-laptop-col=\"4\" data-h-tablet-columns-num=\"3\" data-v-tablet-columns-num=\"2\" data-phone-columns-num=\"1\" data-col-gap=\"10\" data-stage-padding=\"0\" data-speed=\"600\" data-autoplay=\"false\" data-autoplay_speed=\"6000\" data-arrows=\"true\" data-bullet=\"false\" data-next-icon=\"icon-ar-017-r\" data-prev-icon=\"icon-ar-017-l\" data-img-shadow-size=\"12px\" data-img-shadow-spread=\"3px\"><\/div>[\/vc_column][\/vc_row]<\/p>\n<\/div>","protected":false},"excerpt":{"rendered":"<p>[vc_row][vc_column][rev_slider_vc alias=&#8220;struttura&#8220;][vc_raw_html]JTNDZGl2JTIwY2xhc3MlM0QlMjJhcnJvdy13cmFwcGVyJTIyJTNFJTNDZGl2JTIwY2xhc3MlM0QlMjJhcnJvdyUyMiUzRSUzQyUyRmRpdiUzRSUzQyUyRmRpdiUzRQ==[\/vc_raw_html][\/vc_column][\/vc_row][vc_row full_width=&#8220;stretch_row_content_no_spaces&#8220; content_placement=&#8220;middle&#8220; parallax=&#8220;content-moving&#8220; parallax_image=&#8220;125&#8243; parallax_speed_bg=&#8220;2&#8243; css=&#8220;.vc_custom_1552295334053{padding-top: 20px !important;padding-bottom: 20px !important;}&#8220;][vc_column][vc_column_text] STRUKTUR [\/vc_column_text][\/vc_column][\/vc_row][vc_row css=&#8220;.vc_custom_1547658429374{padding-bottom: 40px !important;}&#8220;][vc_column][vc_column_text] Die San Maurizio Luxury Suite ist um einen gemeinsamen Wohnbereich mit feinen Goldoberfl\u00e4chen gegliedert und inspiriert vom Klassizismus der Linien, dem Barock f\u00fcr Farben, Stoffe und Polster und dem Zeitgen\u00f6ssischen f\u00fcr die Materialien, aus denen die M\u00f6bel hergestellt&hellip;<\/p>\n","protected":false},"author":1,"featured_media":0,"parent":0,"menu_order":0,"comment_status":"closed","ping_status":"closed","template":"","meta":{"footnotes":""},"class_list":["post-402","page","type-page","status-publish","hentry","description-off"],"yoast_head":"<!-- This site is optimized with the Yoast SEO plugin v26.3 - https:\/\/yoast.com\/wordpress\/plugins\/seo\/ -->\n<title>Struktur - San Maurizio Luxury Suite<\/title>\n<meta name=\"robots\" content=\"index, follow, max-snippet:-1, max-image-preview:large, max-video-preview:-1\" \/>\n<link rel=\"canonical\" href=\"https:\/\/www.sanmaurizioluxurysuite.com\/de\/struktur\/\" \/>\n<meta property=\"og:locale\" content=\"de_DE\" \/>\n<meta property=\"og:type\" content=\"article\" \/>\n<meta property=\"og:title\" content=\"Struktur - San Maurizio Luxury Suite\" \/>\n<meta property=\"og:description\" content=\"[vc_row][vc_column][rev_slider_vc alias=&#8220;struttura&#8220;][vc_raw_html]JTNDZGl2JTIwY2xhc3MlM0QlMjJhcnJvdy13cmFwcGVyJTIyJTNFJTNDZGl2JTIwY2xhc3MlM0QlMjJhcnJvdyUyMiUzRSUzQyUyRmRpdiUzRSUzQyUyRmRpdiUzRQ==[\/vc_raw_html][\/vc_column][\/vc_row][vc_row full_width=&#8220;stretch_row_content_no_spaces&#8220; content_placement=&#8220;middle&#8220; parallax=&#8220;content-moving&#8220; parallax_image=&#8220;125&#8243; parallax_speed_bg=&#8220;2&#8243; css=&#8220;.vc_custom_1552295334053{padding-top: 20px !important;padding-bottom: 20px !important;}&#8220;][vc_column][vc_column_text] STRUKTUR [\/vc_column_text][\/vc_column][\/vc_row][vc_row css=&#8220;.vc_custom_1547658429374{padding-bottom: 40px !important;}&#8220;][vc_column][vc_column_text] Die San Maurizio Luxury Suite ist um einen gemeinsamen Wohnbereich mit feinen Goldoberfl\u00e4chen gegliedert und inspiriert vom Klassizismus der Linien, dem Barock f\u00fcr Farben, Stoffe und Polster und dem Zeitgen\u00f6ssischen f\u00fcr die Materialien, aus denen die M\u00f6bel hergestellt&hellip;\" \/>\n<meta property=\"og:url\" content=\"https:\/\/www.sanmaurizioluxurysuite.com\/de\/struktur\/\" \/>\n<meta property=\"og:site_name\" content=\"San Maurizio Luxury Suite\" \/>\n<meta property=\"article:modified_time\" content=\"2025-07-04T09:27:23+00:00\" \/>\n<meta name=\"twitter:card\" content=\"summary_large_image\" \/>\n<meta name=\"twitter:label1\" content=\"Gesch\u00e4tzte Lesezeit\" \/>\n\t<meta name=\"twitter:data1\" content=\"2\u00a0Minuten\" \/>\n<script type=\"application\/ld+json\" class=\"yoast-schema-graph\">{\"@context\":\"https:\/\/schema.org\",\"@graph\":[{\"@type\":\"WebPage\",\"@id\":\"https:\/\/www.sanmaurizioluxurysuite.com\/de\/struktur\/\",\"url\":\"https:\/\/www.sanmaurizioluxurysuite.com\/de\/struktur\/\",\"name\":\"Struktur - San Maurizio Luxury Suite\",\"isPartOf\":{\"@id\":\"https:\/\/www.sanmaurizioluxurysuite.com\/de\/#website\"},\"datePublished\":\"2020-06-10T15:11:21+00:00\",\"dateModified\":\"2025-07-04T09:27:23+00:00\",\"breadcrumb\":{\"@id\":\"https:\/\/www.sanmaurizioluxurysuite.com\/de\/struktur\/#breadcrumb\"},\"inLanguage\":\"de\",\"potentialAction\":[{\"@type\":\"ReadAction\",\"target\":[\"https:\/\/www.sanmaurizioluxurysuite.com\/de\/struktur\/\"]}]},{\"@type\":\"BreadcrumbList\",\"@id\":\"https:\/\/www.sanmaurizioluxurysuite.com\/de\/struktur\/#breadcrumb\",\"itemListElement\":[{\"@type\":\"ListItem\",\"position\":1,\"name\":\"Home\",\"item\":\"https:\/\/www.sanmaurizioluxurysuite.com\/de\/\"},{\"@type\":\"ListItem\",\"position\":2,\"name\":\"Struktur\"}]},{\"@type\":\"WebSite\",\"@id\":\"https:\/\/www.sanmaurizioluxurysuite.com\/de\/#website\",\"url\":\"https:\/\/www.sanmaurizioluxurysuite.com\/de\/\",\"name\":\"San Maurizio Luxury Suite\",\"description\":\"Un nuovo sito targato WordPress\",\"potentialAction\":[{\"@type\":\"SearchAction\",\"target\":{\"@type\":\"EntryPoint\",\"urlTemplate\":\"https:\/\/www.sanmaurizioluxurysuite.com\/de\/?s={search_term_string}\"},\"query-input\":{\"@type\":\"PropertyValueSpecification\",\"valueRequired\":true,\"valueName\":\"search_term_string\"}}],\"inLanguage\":\"de\"}]}<\/script>\n<!-- \/ Yoast SEO plugin. -->","yoast_head_json":{"title":"Struktur - San Maurizio Luxury Suite","robots":{"index":"index","follow":"follow","max-snippet":"max-snippet:-1","max-image-preview":"max-image-preview:large","max-video-preview":"max-video-preview:-1"},"canonical":"https:\/\/www.sanmaurizioluxurysuite.com\/de\/struktur\/","og_locale":"de_DE","og_type":"article","og_title":"Struktur - San Maurizio Luxury Suite","og_description":"[vc_row][vc_column][rev_slider_vc alias=&#8220;struttura&#8220;][vc_raw_html]JTNDZGl2JTIwY2xhc3MlM0QlMjJhcnJvdy13cmFwcGVyJTIyJTNFJTNDZGl2JTIwY2xhc3MlM0QlMjJhcnJvdyUyMiUzRSUzQyUyRmRpdiUzRSUzQyUyRmRpdiUzRQ==[\/vc_raw_html][\/vc_column][\/vc_row][vc_row full_width=&#8220;stretch_row_content_no_spaces&#8220; content_placement=&#8220;middle&#8220; parallax=&#8220;content-moving&#8220; parallax_image=&#8220;125&#8243; parallax_speed_bg=&#8220;2&#8243; css=&#8220;.vc_custom_1552295334053{padding-top: 20px !important;padding-bottom: 20px !important;}&#8220;][vc_column][vc_column_text] STRUKTUR [\/vc_column_text][\/vc_column][\/vc_row][vc_row css=&#8220;.vc_custom_1547658429374{padding-bottom: 40px !important;}&#8220;][vc_column][vc_column_text] Die San Maurizio Luxury Suite ist um einen gemeinsamen Wohnbereich mit feinen Goldoberfl\u00e4chen gegliedert und inspiriert vom Klassizismus der Linien, dem Barock f\u00fcr Farben, Stoffe und Polster und dem Zeitgen\u00f6ssischen f\u00fcr die Materialien, aus denen die M\u00f6bel hergestellt&hellip;","og_url":"https:\/\/www.sanmaurizioluxurysuite.com\/de\/struktur\/","og_site_name":"San Maurizio Luxury Suite","article_modified_time":"2025-07-04T09:27:23+00:00","twitter_card":"summary_large_image","twitter_misc":{"Gesch\u00e4tzte Lesezeit":"2\u00a0Minuten"},"schema":{"@context":"https:\/\/schema.org","@graph":[{"@type":"WebPage","@id":"https:\/\/www.sanmaurizioluxurysuite.com\/de\/struktur\/","url":"https:\/\/www.sanmaurizioluxurysuite.com\/de\/struktur\/","name":"Struktur - San Maurizio Luxury Suite","isPartOf":{"@id":"https:\/\/www.sanmaurizioluxurysuite.com\/de\/#website"},"datePublished":"2020-06-10T15:11:21+00:00","dateModified":"2025-07-04T09:27:23+00:00","breadcrumb":{"@id":"https:\/\/www.sanmaurizioluxurysuite.com\/de\/struktur\/#breadcrumb"},"inLanguage":"de","potentialAction":[{"@type":"ReadAction","target":["https:\/\/www.sanmaurizioluxurysuite.com\/de\/struktur\/"]}]},{"@type":"BreadcrumbList","@id":"https:\/\/www.sanmaurizioluxurysuite.com\/de\/struktur\/#breadcrumb","itemListElement":[{"@type":"ListItem","position":1,"name":"Home","item":"https:\/\/www.sanmaurizioluxurysuite.com\/de\/"},{"@type":"ListItem","position":2,"name":"Struktur"}]},{"@type":"WebSite","@id":"https:\/\/www.sanmaurizioluxurysuite.com\/de\/#website","url":"https:\/\/www.sanmaurizioluxurysuite.com\/de\/","name":"San Maurizio Luxury Suite","description":"Un nuovo sito targato WordPress","potentialAction":[{"@type":"SearchAction","target":{"@type":"EntryPoint","urlTemplate":"https:\/\/www.sanmaurizioluxurysuite.com\/de\/?s={search_term_string}"},"query-input":{"@type":"PropertyValueSpecification","valueRequired":true,"valueName":"search_term_string"}}],"inLanguage":"de"}]}},"_links":{"self":[{"href":"https:\/\/www.sanmaurizioluxurysuite.com\/de\/wp-json\/wp\/v2\/pages\/402","targetHints":{"allow":["GET"]}}],"collection":[{"href":"https:\/\/www.sanmaurizioluxurysuite.com\/de\/wp-json\/wp\/v2\/pages"}],"about":[{"href":"https:\/\/www.sanmaurizioluxurysuite.com\/de\/wp-json\/wp\/v2\/types\/page"}],"author":[{"embeddable":true,"href":"https:\/\/www.sanmaurizioluxurysuite.com\/de\/wp-json\/wp\/v2\/users\/1"}],"replies":[{"embeddable":true,"href":"https:\/\/www.sanmaurizioluxurysuite.com\/de\/wp-json\/wp\/v2\/comments?post=402"}],"version-history":[{"count":2,"href":"https:\/\/www.sanmaurizioluxurysuite.com\/de\/wp-json\/wp\/v2\/pages\/402\/revisions"}],"predecessor-version":[{"id":535,"href":"https:\/\/www.sanmaurizioluxurysuite.com\/de\/wp-json\/wp\/v2\/pages\/402\/revisions\/535"}],"wp:attachment":[{"href":"https:\/\/www.sanmaurizioluxurysuite.com\/de\/wp-json\/wp\/v2\/media?parent=402"}],"curies":[{"name":"wp","href":"https:\/\/api.w.org\/{rel}","templated":true}]}}